{"id":707,"date":"2022-07-25T11:01:58","date_gmt":"2022-07-25T11:01:58","guid":{"rendered":"https:\/?page_id=707"},"modified":"2024-05-10T09:20:41","modified_gmt":"2024-05-10T09:20:41","slug":"aviso-legal","status":"publish","type":"page","link":"https:\/\/fitnessatenea.cat\/?page_id=707","title":{"rendered":"Aviso Legal"},"content":{"rendered":"\t\t<div data-elementor-type=\"wp-page\" data-elementor-id=\"707\" class=\"elementor elementor-707\" data-elementor-post-type=\"page\">\n\t\t\t\t\t\t<section class=\"elementor-section elementor-top-section elementor-element elementor-element-1261f678 elementor-section-boxed elementor-section-height-default elementor-section-height-default\" data-id=\"1261f678\" data-element_type=\"section\" data-e-type=\"section\">\n\t\t\t\t\t\t<div class=\"elementor-container elementor-column-gap-default\">\n\t\t\t\t\t<div class=\"elementor-column elementor-col-100 elementor-top-column elementor-element elementor-element-321e098\" data-id=\"321e098\" data-element_type=\"column\" data-e-type=\"column\" data-settings=\"{&quot;background_background&quot;:&quot;classic&quot;}\">\n\t\t\t<div class=\"elementor-widget-wrap elementor-element-populated\">\n\t\t\t\t\t\t<div class=\"elementor-element elementor-element-77ccb793 elementor-widget elementor-widget-text-editor\" data-id=\"77ccb793\" data-element_type=\"widget\" data-e-type=\"widget\" data-widget_type=\"text-editor.default\">\n\t\t\t\t<div class=\"elementor-widget-container\">\n\t\t\t\t\t\t\t\t\t\n<h1>Aviso Legal<\/h1>\n<p>\u00a0<\/p>\n<p>En cumplimiento con lo establecido en la Ley 34\/2002 de 11 de\u00a0julio, de Servicios de la Sociedad de la Informaci\u00f3n y el Comercio Electr\u00f3nico (LSSICE), se informa de los siguientes aspectos legales:<\/p>\n\n<h2 class=\"wp-block-heading\">PROPIEDAD DEL SITIO WEB<\/h2>\n\n<p>Responsable: FITNESS L&#8217;ESCALA. S.L<br \/>Nif: B10541316<br \/>Direcci\u00f3n: CALLE PORT DE LA CLOTA, S\/N, 17130, Torroella de Montgr\u00ed, Girona<br \/>Tel\u00e9fono: 660141953<br \/>Email:\u00a0<a href=\"mailto:info@\" target=\"_blank\" rel=\"noreferrer noopener\">info@<\/a><\/p>\n\n<h3 class=\"wp-block-heading\">CONDICIONES GENERALES DE USO<\/h3>\n\n<p>Todos los elementos que forman el sitio web, as\u00ed como su estructura, dise\u00f1o, c\u00f3digo fuente, as\u00ed como los logotipos, marcas y otros signos distintivos que aparecen en la misma, son titularidad de FITNESS L&#8217;ESCALA o de sus colaboradores y est\u00e1n protegidos por los correspondientes derechos de propiedad intelectual e industrial.<br \/><br \/>Igualmente est\u00e1n protegidos por los correspondientes derechos de propiedad intelectual e industrial las im\u00e1genes y otros elementos gr\u00e1ficos incluidos al sitio web.<br \/><br \/>FITNESS L&#8217;ESCALA proh\u00edbe expresamente la realizaci\u00f3n de \u00abframing\u00bb o la utilizaci\u00f3n por parte de terceros de cualesquiera otros mecanismos que alteren el dise\u00f1o, configuraci\u00f3n original o contenidos de nuestro sitio web.<br \/><br \/>El uso de los contenidos tiene que respetar la suya licenciamiento particular. De tal manera su uso, reproducci\u00f3n, distribuci\u00f3n, comunicaci\u00f3n p\u00fablica, transformaci\u00f3n o cualquier otra actividad similar o an\u00e1loga, queda totalmente prohibida salvo que haya previa y expr\u00e9s autorizaci\u00f3n de FITNESS L&#8217;ESCALA.<br \/><br \/>\u00danicamente se autoriza la reproducci\u00f3n total o parcial de los textos y contenidos proporcionados por el sitio web, siempre que concurran todas y cada una de las siguientes condiciones:<br \/><br \/>1. Se mantenga la integridad de los contenidos, documentos o gr\u00e1ficos<br \/>2. Se cite expresamente a FITNESS L&#8217;ESCALA como fuente y origen de aquellos.<br \/>3. El prop\u00f3sito y la finalidad de tal uso sea compatible con los fines de la web y \/ o actividad de FITNESS L&#8217;ESCALA.<br \/>4. No se pretenda un uso comercial, quedando expresamente prohibidas su distribuci\u00f3n, comunicaci\u00f3n p\u00fablica, transformaci\u00f3n o des compilaci\u00f3n.<br \/><br \/>Cualquier otro uso tendr\u00e1 que ser comunicado y autorizado por FITNESS L&#8217;ESCALA, previa y expresamente.<br \/><br \/>Respecto a las citas de productos y servicios de terceros, FITNESS L&#8217;ESCALA reconoce a favor de sus titulares los correspondientes derechos de propiedad industrial e intelectual, no implicando su sola menci\u00f3n o aparici\u00f3n en la web la existencia de derechos ni de responsabilidad alguna sobre los mismos, como tampoco respaldo, patrocinio o recomendaci\u00f3n.<br \/><br \/>FITNESS L&#8217;ESCALA declara el suyo respecto a los derechos de propiedad intelectual e industrial de terceros; por eso, si considera que nuestro sitio web pudieran estar violando sus derechos, rogamos se pose en contacto con FITNESS L&#8217;ESCALA.<\/p>\n\n<h2 class=\"wp-block-heading\">RESPONSABILIDAD<\/h2>\n\n<p>FITNESS L&#8217;ESCALA no garantiza la inexistencia de errores en el acceso a la web, en su contenido, ni que este se encuentre actualizado, aunque FITNESS L&#8217;ESCALA desarrollar\u00e1 sus mejores esfuerzos para, en su caso, evitarlos, subsanarlos o actualizarlos.<br \/><br \/>Tanto el acceso al sitio web de FITNESS L&#8217;ESCALA, como el uso que pueda hacerse de la informaci\u00f3n contenida en los mismos es de la exclusiva responsabilidad de quien lo realiza.<br \/><br \/>FITNESS L&#8217;ESCALA no se hace responsable de la informaci\u00f3n y contenidos almacenados, a t\u00edtulo enunciativo pero no limitativo, en foros, chats, blogs, comentarios, redes sociales o cualquier otro medio que permita a terceros publicar contenidos de la forma independiente en la p\u00e1gina web de FITNESS L&#8217;ESCALA.<br \/><br \/>No obstante y en cumplimiento de lo dispuesto en la LSSI, FITNESS L&#8217;ESCALA se pone a disposici\u00f3n de todos los usuarios, autoridades y fuerzas de seguridad, y colaborando de forma activa en la retirada o en su caso bloqueo de todos aquellos contenidos que pudieran afectar o contravenir la legislaci\u00f3n nacional, o internacional, derechos de terceros o la moral y el orden p\u00fablico. En caso de que el usuario considere que existe en el sitio web alg\u00fan contenido que pudiera ser susceptible de esta clasificaci\u00f3n, rogamos se ponga en contacto con FITNESS L&#8217;ESCALA.<br \/><br \/>FITNESS L&#8217;ESCALA no se responsabiliza de las contestaciones que se realicen a trav\u00e9s de las distintas direcciones de correo electr\u00f3nico que aparecen en su sitio web, por lo que en ning\u00fan caso podr\u00e1 derivarse efecto jur\u00eddico vinculante de las mismas.<\/p>\n\n<h2 class=\"wp-block-heading\">LINKS O HIPERENLACES<\/h2>\n\n<p>Los enlaces contenidos en nuestro sitio web pueden dirigir a contenidos Web de tercero. El objetivo de estos enlaces es \u00fanicamente facilitarle la b\u00fasqueda de los recursos que le puedan interesar a trav\u00e9s de Internet. Sin embargo, estas p\u00e1ginas no pertenecen a FITNESS L&#8217;ESCALA, ni hace una revisi\u00f3n de sus contenidos y, por ello, FITNESS L&#8217;ESCALA no asume ninguna responsabilidad por el contenido, informaciones o servicios que pudieran aparecer en dichos sitios, que tendr\u00e1n exclusivamente car\u00e1cter informativo y que en ning\u00fan caso implican relaci\u00f3n entre FITNESS L&#8217;ESCALA y las personas o entidades titulares de tales contenidos o titulares de otros sitios donde se encuentren. FITNESS L&#8217;ESCALA tampoco puede hacerse responsable del funcionamiento de la p\u00e1gina enlazada o de los posibles da\u00f1os que puedan derivarse del acceso o uso de la misma.<\/p>\n\n<p>Los enlaces en el sitio web de FITNESS L&#8217;ESCALA deber\u00e1n respetar las siguientes condiciones:<\/p>\n\n<p>1. El establecimiento del enlace no supondr\u00e1 ning\u00fan tipo de acuerdo, contrato, patrocinio ni recomendaci\u00f3n por parte de FITNESS L&#8217;ESCALA de la p\u00e1gina que realiza el enlace.<br \/>2. La p\u00e1gina web en la que se establezca el hiperenlace no contendr\u00e1 informaciones con contenidos que sean il\u00edcitos, discriminatorios, contrarios a los principios.<br \/>3. FITNESS L&#8217;ESCALA puede solicitar que se retire un enlace a su web, sin necesidad de alegar causa alguna. En este caso, la p\u00e1gina que haya realizado el enlace deber\u00e1 proceder a su inmediata supresi\u00f3n, tan pronto como reciba la notificaci\u00f3n de FITNESS L&#8217;ESCALA.<br \/>4. No se responsabiliza de ninguna manera ni garantiza la claridad, exactitud, fiabilidad, correcci\u00f3n o moralidad de contenidos o servicios que el establecimiento del hiperenlace pueda ofrecer. El usuario asume bajo su exclusiva responsabilidad las consecuencias, da\u00f1os o acciones que pudieran derivarse del acceso a la p\u00e1gina web del hiperenlace.<br \/>5. La p\u00e1gina web en la que se establezca el hiperenlace no podr\u00e1 contener marca, denominaci\u00f3n, logotipo, eslogan u otros signos distintivos pertenecientes a FITNESS L&#8217;ESCALA salvo aquellos signos que formen parte del mismo hiperenlace.<\/p>\n\n<h2 class=\"wp-block-heading\">PROTECCI\u00d3N DE DATOS PERSONALES<\/h2>\n\n<p>Los datos personales solicitados para la prestaci\u00f3n de nuestros servicios se incluyen en ficheros sometidos a lo dispuesto en la Ley Org\u00e1nica de Protecci\u00f3n de Datos 15\/1999 (LOPD) y el Real Decreto 1720\/2007, de 21 de diciembre, por el que se aprueba el reglamento de desarrollo de la misma (RLOPD) y el Reglamento General de Protecci\u00f3n de Datos de la Uni\u00f3n Europea (UE 2016\/679 GDPR).<\/p>\n\n<p>La recogida y tratamiento de estos datos se llevan a cabo por FITNESS L&#8217;ESCALA, y tienen como finalidad la gesti\u00f3n, prestaci\u00f3n, ampliaci\u00f3n y mejora de los servicios solicitados en cada momento por el usuario, el seguimiento de consultas, participaci\u00f3n en procesos de selecci\u00f3n de personal, comunicaciones electr\u00f3nicas y \/ o la confecci\u00f3n de estad\u00edsticas.<\/p>\n\n<p>Los servicios prestados por FITNESS L&#8217;ESCALA est\u00e1n dirigidos a mayores de 14 a\u00f1os. En el supuesto excepcional de que se desarrollara alg\u00fan servicio dirigido espec\u00edficamente a menores de esa edad, FITNESS L&#8217;ESCALA solicitar\u00e1 la conformidad de los padres o tutores para la recogida de los datos personales o, en su caso, para el tratamiento de los mismos.<\/p>\n\n<p>FITNESS L&#8217;ESCALA se compromete a cumplir su obligaci\u00f3n de secreto respecto a los datos de car\u00e1cter personal suministrados y al deber de tratarlos con confidencialidad y reserva, conforme a la legislaci\u00f3n vigente. A estos efectos adoptar\u00e1 las medidas necesarias para evitar su alteraci\u00f3n, p\u00e9rdida, tratamiento o acceso no autorizado.<\/p>\n\n<h2 class=\"wp-block-heading\">DERECHOS DE LOS INTERESADOS<\/h2>\n\n<p>La normativa vigente de protecci\u00f3n de datos le ampara en una serie de derechos\u00a0en relaci\u00f3n al\u00a0uso que le damos a los datos. Todos y cada uno de sus derechos son unipersonales e intransferibles, es decir, que \u00fanicamente pueden ser realizados por el titular de los datos, previa comprobaci\u00f3n de su identidad.<\/p>\n\n<p>A continuaci\u00f3n te indicamos cu\u00e1les son los derechos que le asisten:<\/p>\n\n<p>\u2022 Solicitar el ACCESO a sus datos personales<br \/>\u2022 Solicitar la RECTIFICACI\u00d3N de sus datos<br \/>\u2022 Solicitar la SUPRESI\u00d3N o eliminaci\u00f3n de sus datos (derecho al \u00abolvido\u00bb)<br \/>\u2022 LIMITAR u oponerse al uso que le damos a sus datos<br \/>\u2022 Derecho a la PORTABILIDAD de sus datos para casos de servicios de telecomunicaciones o internet.<br \/>\u2022 Derecho a RETIRAR su consentimiento en cualquier momento<br \/>\u2022 Derecho a presentar una RECLAMACI\u00d3N en materia de protecci\u00f3n de datos ante la Autoridad de Control: Agencia de Protecci\u00f3n de Datos<\/p>\n\n<p>\u00bfComo\u00a0puede ejercer sus derechos\u00a0en relaci\u00f3n a\u00a0sus datos?<\/p>\n\n<p>Para el ejercicio de sus derechos de acceso, rectificaci\u00f3n, supresi\u00f3n, limitaci\u00f3n\u00a0u\u00a0oposici\u00f3n, portabilidad y retirada de su consentimiento, puede hacerlo de la siguiente manera:<\/p>\n\n<p>Mediante escrito y copia del DNI, indicando la referencia RGPD dirigida a:<\/p>\n\n<p>FITNESS L&#8217;ESCALA. S.L<br \/>Att. Responsable de Protecci\u00f3n de Datos<br \/>CALLE PORT DE LA CLOTA, S\/N, 17130, Torroella de Montgr\u00ed, Girona<br \/>Email: <a href=\"mailto:info@\" target=\"_blank\" rel=\"noreferrer noopener\">info@<\/a><\/p>\n\n<p>\u00bfComo\u00a0puede presentar una reclamaci\u00f3n?<\/p>\n\n<p>Adem\u00e1s de los derechos que le asisten, si cree que sus datos no se est\u00e1n recaudando o tratando de acuerdo con la normativa vigente de Protecci\u00f3n de Datos, usted podr\u00e1 realizar una reclamaci\u00f3n ante la Autoridad de Control:<\/p>\n\n<p><a href=\"http:\/\/www.agpd.es\/\" target=\"_blank\" rel=\"noreferrer noopener\">http:\/\/www.agpd.es<\/a><\/p>\n\n<h2 class=\"wp-block-heading\">LEY APLICABLE Y JURISDICCI\u00d3N<\/h2>\n\n<p>La ley aplicable en caso de disputa o conflicto de interpretaci\u00f3n de los t\u00e9rminos que conforman este Aviso Legal, as\u00ed como cualquier cuesti\u00f3n relacionada con los servicios de este Portal, ser\u00e1 la ley espa\u00f1ola.<\/p>\n\n<p>Para la resoluci\u00f3n de cualquier conflicto que pueda surgir con ocasi\u00f3n de la visita al sitio web o del uso de los servicios que en \u00e9l se puedan ofrecer, FITNESS L&#8217;ESCALA y el Usuario acuerdan someterse a los jueces y tribunales del domicilio del Usuario, si est\u00e1 situado en territorio espa\u00f1ol y act\u00fae en condici\u00f3n de consumidor. En caso contrario, la sumisi\u00f3n ser\u00e1 a los juzgados y tribunales de la ciudad de Olot (Girona)<\/p>\n\t\t\t\t\t\t\t\t<\/div>\n\t\t\t\t<\/div>\n\t\t\t\t\t<\/div>\n\t\t<\/div>\n\t\t\t\t\t<\/div>\n\t\t<\/section>\n\t\t\t\t<\/div>\n\t\t","protected":false},"excerpt":{"rendered":"<p>Aviso Legal \u00a0 En cumplimiento con lo establecido en la Ley 34\/2002 de 11 de\u00a0julio, de Servicios de la Sociedad de la Informaci\u00f3n y el Comercio Electr\u00f3nico (LSSICE), se informa de los siguientes aspectos legales: PROPIEDAD DEL SITIO WEB Responsable: FITNESS L&#8217;ESCALA. S.LNif: B10541316Direcci\u00f3n: CALLE PORT DE LA CLOTA, S\/N, 17130, Torroella de Montgr\u00ed, GironaTel\u00e9fono: [&hellip;]<\/p>\n","protected":false},"author":1,"featured_media":0,"parent":0,"menu_order":0,"comment_status":"closed","ping_status":"closed","template":"","meta":{"site-sidebar-layout":"default","site-content-layout":"","ast-site-content-layout":"","site-content-style":"default","site-sidebar-style":"default","ast-global-header-display":"","ast-banner-title-visibility":"","ast-main-header-display":"","ast-hfb-above-header-display":"","ast-hfb-below-header-display":"","ast-hfb-mobile-header-display":"","site-post-title":"","ast-breadcrumbs-content":"","ast-featured-img":"","footer-sml-layout":"","theme-transparent-header-meta":"","adv-header-id-meta":"","stick-header-meta":"","header-above-stick-meta":"","header-main-stick-meta":"","header-below-stick-meta":"","astra-migrate-meta-layouts":"default","ast-page-background-enabled":"default","ast-page-background-meta":{"desktop":{"background-color":"var(--ast-global-color-4)","background-image":"","background-repeat":"repeat","background-position":"center center","background-size":"auto","background-attachment":"scroll","background-type":"","background-media":"","overlay-type":"","overlay-color":"","overlay-gradient":""},"tablet":{"background-color":"","background-image":"","background-repeat":"repeat","background-position":"center center","background-size":"auto","background-attachment":"scroll","background-type":"","background-media":"","overlay-type":"","overlay-color":"","overlay-gradient":""},"mobile":{"background-color":"","background-image":"","background-repeat":"repeat","background-position":"center center","background-size":"auto","background-attachment":"scroll","background-type":"","background-media":"","overlay-type":"","overlay-color":"","overlay-gradient":""}},"ast-content-background-meta":{"desktop":{"background-color":"var(--ast-global-color-5)","background-image":"","background-repeat":"repeat","background-position":"center center","background-size":"auto","background-attachment":"scroll","background-type":"","background-media":"","overlay-type":"","overlay-color":"","overlay-gradient":""},"tablet":{"background-color":"var(--ast-global-color-5)","background-image":"","background-repeat":"repeat","background-position":"center center","background-size":"auto","background-attachment":"scroll","background-type":"","background-media":"","overlay-type":"","overlay-color":"","overlay-gradient":""},"mobile":{"background-color":"var(--ast-global-color-5)","background-image":"","background-repeat":"repeat","background-position":"center center","background-size":"auto","background-attachment":"scroll","background-type":"","background-media":"","overlay-type":"","overlay-color":"","overlay-gradient":""}},"footnotes":""},"class_list":["post-707","page","type-page","status-publish","hentry"],"_links":{"self":[{"href":"https:\/\/fitnessatenea.cat\/index.php?rest_route=\/wp\/v2\/pages\/707","targetHints":{"allow":["GET"]}}],"collection":[{"href":"https:\/\/fitnessatenea.cat\/index.php?rest_route=\/wp\/v2\/pages"}],"about":[{"href":"https:\/\/fitnessatenea.cat\/index.php?rest_route=\/wp\/v2\/types\/page"}],"author":[{"embeddable":true,"href":"https:\/\/fitnessatenea.cat\/index.php?rest_route=\/wp\/v2\/users\/1"}],"replies":[{"embeddable":true,"href":"https:\/\/fitnessatenea.cat\/index.php?rest_route=%2Fwp%2Fv2%2Fcomments&post=707"}],"version-history":[{"count":19,"href":"https:\/\/fitnessatenea.cat\/index.php?rest_route=\/wp\/v2\/pages\/707\/revisions"}],"predecessor-version":[{"id":1580,"href":"https:\/\/fitnessatenea.cat\/index.php?rest_route=\/wp\/v2\/pages\/707\/revisions\/1580"}],"wp:attachment":[{"href":"https:\/\/fitnessatenea.cat\/index.php?rest_route=%2Fwp%2Fv2%2Fmedia&parent=707"}],"curies":[{"name":"wp","href":"https:\/\/api.w.org\/{rel}","templated":true}]}}